{"id":51,"date":"2014-04-18T17:19:19","date_gmt":"2014-04-18T17:19:19","guid":{"rendered":"http:\/\/sommermaedchenswelt.sc-v.de\/?page_id=51"},"modified":"2020-04-14T19:14:30","modified_gmt":"2020-04-14T19:14:30","slug":"ueber-mich","status":"publish","type":"page","link":"http:\/\/1.xn--sommermdchenswelt-wqb.de\/?page_id=51","title":{"rendered":"\u00dcber mich"},"content":{"rendered":"<h1><strong>Ich<\/strong><\/h1>\n<p><img decoding=\"async\" loading=\"lazy\" class=\"size-medium wp-image-5469 alignright\" src=\"http:\/\/1.xn--sommermdchenswelt-wqb.de\/wp-content\/uploads\/2020\/04\/IMG_4301-225x300.jpg\" alt=\"\" width=\"225\" height=\"300\" srcset=\"http:\/\/1.xn--sommermdchenswelt-wqb.de\/wp-content\/uploads\/2020\/04\/IMG_4301-225x300.jpg 225w, http:\/\/1.xn--sommermdchenswelt-wqb.de\/wp-content\/uploads\/2020\/04\/IMG_4301-769x1024.jpg 769w, http:\/\/1.xn--sommermdchenswelt-wqb.de\/wp-content\/uploads\/2020\/04\/IMG_4301-768x1022.jpg 768w, http:\/\/1.xn--sommermdchenswelt-wqb.de\/wp-content\/uploads\/2020\/04\/IMG_4301-1154x1536.jpg 1154w, http:\/\/1.xn--sommermdchenswelt-wqb.de\/wp-content\/uploads\/2020\/04\/IMG_4301-1539x2048.jpg 1539w, http:\/\/1.xn--sommermdchenswelt-wqb.de\/wp-content\/uploads\/2020\/04\/IMG_4301-scaled.jpg 1923w\" sizes=\"(max-width: 225px) 100vw, 225px\" \/><\/p>\n<p>Hallo!<\/p>\n<p>Sch\u00f6n, dass du den Weg auf meinem Blog gefunden hast. Ich bin Corinna, Ende zwanzig und blogge hier haupts\u00e4chlich \u00fcber B\u00fccher, denn B\u00fccher sind schon seit ich denken kann eine gro\u00dfe Leidenschaft von mir. Zu Anfang war das Hobby ganz harmlos, so als Sch\u00fcler verdient man ja auch nicht viel Geld, doch mit dem Beginn der Lehre hat sich das ganze schon etwas erweitert. Seit ich richtig Geld verdiene, also ausgelernt habe ist das immer mehr geworden und schlie\u00dflich ist Sommerm\u00e4dchenswelt entstanden, denn es hat mir nicht mehr gereicht mich nur mit meinem direkten Umfeld auszutauschen, noch dazu ist da keiner wirklich so richtig buchbegeistert wie ich. Lange Zeit war es relativ ruhig auf dem Blog. Es hat sich viel getan in meinem Leben und nicht immer stehen die B\u00fccher mehr an erster Stelle, aber sie haben noch einen Platz in meinem Leben.<\/p>\n<p>Neben dem B\u00fcchern findet ihr hier noch eine ganz kleine Kategorie Leben und Reisen. Da blogge ich so hin und wieder \u00fcber meine Reisen und unter anderem eben \u00fcber meinen Kater, Jerry, der sich schon mal gerne auf meinen Fotos blicken l\u00e4sst. Also nicht wundern, wenn so hin und wieder eine Fellnase auf B\u00fccherfotos auftaucht. Er mag das Rampenlicht \ud83d\ude09<\/p>\n<p>Neben B\u00fcchern habe ich noch weitere Hobbys, die auch manchmal richtige Zeitfresser sind. So bin ich seit langem ein aktives Mitglied bei der Feuerwehr, habe seit kurzem das Bullet Journaling f\u00fcr mich entdeckt und tauche gerne in die Welt des Handletterings und planen meines Bullet Journals ab.<\/p>\n<p>LineDance tanze ich nun mehr seit ich glaube vier Jahren und bin nach wie vor mit Leidenschaft dabei. F\u00fcr alle die nicht wissen was es damit auf sich hat: LineDance kommt aus Amerika und dabei wird \u00fcberwiegend zu Country Musik in einer Reihe getanzt. Nach einer langen Pause habe ich mich auch wieder an Yoga gewagt und seit ich in einer Yogaschule bin freue ich mich immer riesig auf diese Zeit nur f\u00fcr mich.<\/p>\n<p>Noch zu finden bin ich bei<\/p>\n<ul>\n<li><a href=\"https:\/\/twitter.com\/Sommermaedel22\">Twitter<\/a><\/li>\n<li><a href=\"https:\/\/www.facebook.com\/sommermaedchenswelt\">Facebook<\/a><\/li>\n<li><a href=\"https:\/\/instagram.com\/sommermaedchen23\/\">Instagram<\/a><\/li>\n<li><a href=\"https:\/\/de.pinterest.com\/Sommermaedel22\/\" target=\"_blank\" rel=\"noopener noreferrer\">Pinterest\u00a0<\/a><\/li>\n<li>Corinna@sc-v.de<\/li>\n<\/ul>\n<p>Ich freue mich immer \u00fcber Feedback, egal ob positiv oder negativ, denn ich habe diesen Blog begonnen, um in Kontakt mit anderen buchbegeisterten Menschen zu kommen.<\/p>\n<p>Schau dich ruhig ein bisschen um hier.<\/p>\n<p>Liebe Gr\u00fc\u00dfe<\/p>\n<p>Corinna<\/p>\n","protected":false},"excerpt":{"rendered":"<p>Ich Hallo! Sch\u00f6n, dass du den Weg auf meinem Blog gefunden hast. Ich bin Corinna, Ende zwanzig und blogge hier haupts\u00e4chlich \u00fcber B\u00fccher, denn B\u00fccher sind schon seit ich denken kann eine gro\u00dfe Leidenschaft von mir. Zu Anfang war das Hobby ganz harmlos, so als Sch\u00fcler verdient man ja auch nicht viel Geld, doch mit [&hellip;]<\/p>\n","protected":false},"author":1,"featured_media":0,"parent":0,"menu_order":0,"comment_status":"open","ping_status":"open","template":"","meta":[],"_links":{"self":[{"href":"http:\/\/1.xn--sommermdchenswelt-wqb.de\/index.php?rest_route=\/wp\/v2\/pages\/51"}],"collection":[{"href":"http:\/\/1.xn--sommermdchenswelt-wqb.de\/index.php?rest_route=\/wp\/v2\/pages"}],"about":[{"href":"http:\/\/1.xn--sommermdchenswelt-wqb.de\/index.php?rest_route=\/wp\/v2\/types\/page"}],"author":[{"embeddable":true,"href":"http:\/\/1.xn--sommermdchenswelt-wqb.de\/index.php?rest_route=\/wp\/v2\/users\/1"}],"replies":[{"embeddable":true,"href":"http:\/\/1.xn--sommermdchenswelt-wqb.de\/index.php?rest_route=%2Fwp%2Fv2%2Fcomments&post=51"}],"version-history":[{"count":15,"href":"http:\/\/1.xn--sommermdchenswelt-wqb.de\/index.php?rest_route=\/wp\/v2\/pages\/51\/revisions"}],"predecessor-version":[{"id":5473,"href":"http:\/\/1.xn--sommermdchenswelt-wqb.de\/index.php?rest_route=\/wp\/v2\/pages\/51\/revisions\/5473"}],"wp:attachment":[{"href":"http:\/\/1.xn--sommermdchenswelt-wqb.de\/index.php?rest_route=%2Fwp%2Fv2%2Fmedia&parent=51"}],"curies":[{"name":"wp","href":"https:\/\/api.w.org\/{rel}","templated":true}]}}